{"id":1589,"date":"2025-12-02T09:44:26","date_gmt":"2025-12-02T07:44:26","guid":{"rendered":"https:\/\/bk-site-amp102.top\/?page_id=1589"},"modified":"2025-12-11T17:21:31","modified_gmt":"2025-12-11T15:21:31","slug":"home-new","status":"publish","type":"page","link":"https:\/\/bk-site-amp102.top\/","title":{"rendered":"Home PL"},"content":{"rendered":"","protected":false},"excerpt":{"rendered":"","protected":false},"author":1,"featured_media":0,"parent":0,"menu_order":0,"comment_status":"closed","ping_status":"closed","template":"home-new.php","meta":{"_acf_changed":false,"footnotes":""},"class_list":["post-1589","page","type-page","status-publish","hentry"],"acf":[],"yoast_head":"<!-- This site is optimized with the Yoast SEO plugin v27.1.1 - https:\/\/yoast.com\/product\/yoast-seo-wordpress\/ -->\n<title>Vavada PL: Vavada casino pl \u2013 Bonusy, Opinie i Bezpiecze\u0144stwo<\/title>\n<meta name=\"description\" content=\"Sprawd\u017a Vavada kasyno: bonus powitalny, kody, metody wp\u0142at\/wyp\u0142at, KYC\/AML oraz aplikacj\u0119 mobiln\u0105. Zobacz, jak zacz\u0105\u0107 i gra\u0107 odpowiedzialnie w Polsce\" \/>\n<meta name=\"robots\" content=\"index, follow, max-snippet:-1, max-image-preview:large, max-video-preview:-1\" \/>\n<link rel=\"canonical\" href=\"http:\/\/casino.bk-site-amp102.top\/\" \/>\n<meta property=\"og:locale\" content=\"ru_RU\" \/>\n<meta property=\"og:type\" content=\"article\" \/>\n<meta property=\"og:title\" content=\"Vavada PL: Vavada casino pl \u2013 Bonusy, Opinie i Bezpiecze\u0144stwo\" \/>\n<meta property=\"og:description\" content=\"Sprawd\u017a Vavada kasyno: bonus powitalny, kody, metody wp\u0142at\/wyp\u0142at, KYC\/AML oraz aplikacj\u0119 mobiln\u0105. Zobacz, jak zacz\u0105\u0107 i gra\u0107 odpowiedzialnie w Polsce\" \/>\n<meta property=\"og:url\" content=\"http:\/\/casino.bk-site-amp102.top\/\" \/>\n<meta property=\"og:site_name\" content=\"bk-site-amp102.top\" \/>\n<meta property=\"article:modified_time\" content=\"2025-12-11T15:21:31+00:00\" \/>\n<meta name=\"twitter:card\" content=\"summary_large_image\" \/>\n<script type=\"application\/ld+json\" class=\"yoast-schema-graph\">{\"@context\":\"https:\/\/schema.org\",\"@graph\":[{\"@type\":\"WebPage\",\"@id\":\"https:\/\/bk-site-amp102.top\/\",\"url\":\"http:\/\/casino.bk-site-amp102.top\/\",\"name\":\"Vavada PL: Vavada casino pl \u2013 Bonusy, Opinie i Bezpiecze\u0144stwo\",\"isPartOf\":{\"@id\":\"https:\/\/bk-site-amp102.top\/#website\"},\"datePublished\":\"2025-12-02T07:44:26+00:00\",\"dateModified\":\"2025-12-11T15:21:31+00:00\",\"description\":\"Sprawd\u017a Vavada kasyno: bonus powitalny, kody, metody wp\u0142at\/wyp\u0142at, KYC\/AML oraz aplikacj\u0119 mobiln\u0105. Zobacz, jak zacz\u0105\u0107 i gra\u0107 odpowiedzialnie w Polsce\",\"breadcrumb\":{\"@id\":\"http:\/\/casino.bk-site-amp102.top\/#breadcrumb\"},\"inLanguage\":\"ru-RU\",\"potentialAction\":[{\"@type\":\"ReadAction\",\"target\":[\"http:\/\/casino.bk-site-amp102.top\/\"]}]},{\"@type\":\"BreadcrumbList\",\"@id\":\"http:\/\/casino.bk-site-amp102.top\/#breadcrumb\",\"itemListElement\":[{\"@type\":\"ListItem\",\"position\":1,\"name\":\"\u0413\u043b\u0430\u0432\u043d\u0430\u044f \u0441\u0442\u0440\u0430\u043d\u0438\u0446\u0430\",\"item\":\"https:\/\/bk-site-amp102.top\/\"},{\"@type\":\"ListItem\",\"position\":2,\"name\":\"Home PL\"}]},{\"@type\":\"WebSite\",\"@id\":\"https:\/\/bk-site-amp102.top\/#website\",\"url\":\"https:\/\/bk-site-amp102.top\/\",\"name\":\"bk-site-amp102.top\",\"description\":\"\",\"potentialAction\":[{\"@type\":\"SearchAction\",\"target\":{\"@type\":\"EntryPoint\",\"urlTemplate\":\"https:\/\/bk-site-amp102.top\/?s={search_term_string}\"},\"query-input\":{\"@type\":\"PropertyValueSpecification\",\"valueRequired\":true,\"valueName\":\"search_term_string\"}}],\"inLanguage\":\"ru-RU\"}]}<\/script>\n<!-- \/ Yoast SEO plugin. -->","yoast_head_json":{"title":"Vavada PL: Vavada casino pl \u2013 Bonusy, Opinie i Bezpiecze\u0144stwo","description":"Sprawd\u017a Vavada kasyno: bonus powitalny, kody, metody wp\u0142at\/wyp\u0142at, KYC\/AML oraz aplikacj\u0119 mobiln\u0105. Zobacz, jak zacz\u0105\u0107 i gra\u0107 odpowiedzialnie w Polsce","robots":{"index":"index","follow":"follow","max-snippet":"max-snippet:-1","max-image-preview":"max-image-preview:large","max-video-preview":"max-video-preview:-1"},"canonical":"http:\/\/casino.bk-site-amp102.top\/","og_locale":"ru_RU","og_type":"article","og_title":"Vavada PL: Vavada casino pl \u2013 Bonusy, Opinie i Bezpiecze\u0144stwo","og_description":"Sprawd\u017a Vavada kasyno: bonus powitalny, kody, metody wp\u0142at\/wyp\u0142at, KYC\/AML oraz aplikacj\u0119 mobiln\u0105. Zobacz, jak zacz\u0105\u0107 i gra\u0107 odpowiedzialnie w Polsce","og_url":"http:\/\/casino.bk-site-amp102.top\/","og_site_name":"bk-site-amp102.top","article_modified_time":"2025-12-11T15:21:31+00:00","twitter_card":"summary_large_image","schema":{"@context":"https:\/\/schema.org","@graph":[{"@type":"WebPage","@id":"https:\/\/bk-site-amp102.top\/","url":"http:\/\/casino.bk-site-amp102.top\/","name":"Vavada PL: Vavada casino pl \u2013 Bonusy, Opinie i Bezpiecze\u0144stwo","isPartOf":{"@id":"https:\/\/bk-site-amp102.top\/#website"},"datePublished":"2025-12-02T07:44:26+00:00","dateModified":"2025-12-11T15:21:31+00:00","description":"Sprawd\u017a Vavada kasyno: bonus powitalny, kody, metody wp\u0142at\/wyp\u0142at, KYC\/AML oraz aplikacj\u0119 mobiln\u0105. Zobacz, jak zacz\u0105\u0107 i gra\u0107 odpowiedzialnie w Polsce","breadcrumb":{"@id":"http:\/\/casino.bk-site-amp102.top\/#breadcrumb"},"inLanguage":"ru-RU","potentialAction":[{"@type":"ReadAction","target":["http:\/\/casino.bk-site-amp102.top\/"]}]},{"@type":"BreadcrumbList","@id":"http:\/\/casino.bk-site-amp102.top\/#breadcrumb","itemListElement":[{"@type":"ListItem","position":1,"name":"\u0413\u043b\u0430\u0432\u043d\u0430\u044f \u0441\u0442\u0440\u0430\u043d\u0438\u0446\u0430","item":"https:\/\/bk-site-amp102.top\/"},{"@type":"ListItem","position":2,"name":"Home PL"}]},{"@type":"WebSite","@id":"https:\/\/bk-site-amp102.top\/#website","url":"https:\/\/bk-site-amp102.top\/","name":"bk-site-amp102.top","description":"","potentialAction":[{"@type":"SearchAction","target":{"@type":"EntryPoint","urlTemplate":"https:\/\/bk-site-amp102.top\/?s={search_term_string}"},"query-input":{"@type":"PropertyValueSpecification","valueRequired":true,"valueName":"search_term_string"}}],"inLanguage":"ru-RU"}]}},"amp_enabled":true,"_links":{"self":[{"href":"https:\/\/bk-site-amp102.top\/wp-json\/wp\/v2\/pages\/1589","targetHints":{"allow":["GET"]}}],"collection":[{"href":"https:\/\/bk-site-amp102.top\/wp-json\/wp\/v2\/pages"}],"about":[{"href":"https:\/\/bk-site-amp102.top\/wp-json\/wp\/v2\/types\/page"}],"author":[{"embeddable":true,"href":"https:\/\/bk-site-amp102.top\/wp-json\/wp\/v2\/users\/1"}],"replies":[{"embeddable":true,"href":"https:\/\/bk-site-amp102.top\/wp-json\/wp\/v2\/comments?post=1589"}],"version-history":[{"count":100,"href":"https:\/\/bk-site-amp102.top\/wp-json\/wp\/v2\/pages\/1589\/revisions"}],"predecessor-version":[{"id":2604,"href":"https:\/\/bk-site-amp102.top\/wp-json\/wp\/v2\/pages\/1589\/revisions\/2604"}],"wp:attachment":[{"href":"https:\/\/bk-site-amp102.top\/wp-json\/wp\/v2\/media?parent=1589"}],"curies":[{"name":"wp","href":"https:\/\/api.w.org\/{rel}","templated":true}]}}