{"id":2579,"date":"2025-12-04T11:43:22","date_gmt":"2025-12-04T09:43:22","guid":{"rendered":"https:\/\/bk-site-amp102.top\/?page_id=2579"},"modified":"2025-12-05T13:34:12","modified_gmt":"2025-12-05T11:34:12","slug":"odpowiedzialna-gra","status":"publish","type":"page","link":"https:\/\/bk-site-amp102.top\/odpowiedzialna-gra\/","title":{"rendered":"Odpowiedzialna gra"},"content":{"rendered":"<h1>Odpowiedzialna gra<\/h1>\n<p>W Vavada stawiamy na odpowiedzialn\u0105 gr\u0119. Naszym celem jest stworzenie \u015brodowiska, w kt\u00f3rym rozrywka nie zagra\u017ca zdrowiu ani finansom graczy. Zapewniamy szereg narz\u0119dzi, kt\u00f3re pomagaj\u0105 kontrolowa\u0107 czas sp\u0119dzony na grze oraz wydatki.<\/p>\n<p>Oferujemy funkcje, kt\u00f3re umo\u017cliwiaj\u0105 graczom:<\/p>\n<ul>\n<li>ustawienie limit\u00f3w depozyt\u00f3w dziennych, tygodniowych i miesi\u0119cznych,<\/li>\n<li>ustalenie limitu stawek i strat,<\/li>\n<li>ograniczenie czasu sesji,<\/li>\n<li>kr\u00f3tkoterminow\u0105 przerw\u0119 (time-out),<\/li>\n<li>samowykluczenie na okre\u015blony czas.<\/li>\n<\/ul>\n<h2>Jak korzysta\u0107 odpowiedzialnie:<\/h2>\n<ol>\n<li>Ustal bud\u017cet na gr\u0119 i trzymaj si\u0119 go.<\/li>\n<li>Dbaj o r\u00f3wnowag\u0119 mi\u0119dzy gr\u0105 a \u017cyciem codziennym.<\/li>\n<li>Unikaj grania pod wp\u0142ywem emocji lub alkoholu.<\/li>\n<li>Zawsze stosuj przerwy i nie pr\u00f3buj odrabia\u0107 strat.<\/li>\n<li>Je\u015bli zauwa\u017cysz, \u017ce gra zaczyna Ci\u0119 przyt\u0142acza\u0107, zr\u00f3b przerw\u0119 lub skorzystaj z opcji samowykluczenia.<\/li>\n<\/ol>\n<h2>Pomoc zewn\u0119trzna:<\/h2>\n<p>Wsp\u00f3\u0142pracujemy z organizacjami oferuj\u0105cymi pomoc dla os\u00f3b z problemem hazardowym. W razie potrzeby kierujemy naszych graczy do specjalistycznych instytucji oraz oferujemy edukacj\u0119 na temat odpowiedzialnego hazardu.<\/p>\n<p>Pami\u0119taj, \u017ce je\u015bli masz jakiekolwiek w\u0105tpliwo\u015bci dotycz\u0105ce swojego zachowania w grze, mo\u017cesz zawsze skontaktowa\u0107 si\u0119 z naszym zespo\u0142em wsparcia.<\/p>\n","protected":false},"excerpt":{"rendered":"<p>Odpowiedzialna gra W Vavada stawiamy na odpowiedzialn\u0105 gr\u0119. Naszym celem jest stworzenie \u015brodowiska, w kt\u00f3rym rozrywka nie zagra\u017ca zdrowiu ani finansom graczy. Zapewniamy szereg narz\u0119dzi, kt\u00f3re pomagaj\u0105 kontrolowa\u0107 czas sp\u0119dzony na grze oraz wydatki. Oferujemy funkcje, kt\u00f3re umo\u017cliwiaj\u0105 graczom: ustawienie limit\u00f3w depozyt\u00f3w dziennych, tygodniowych i miesi\u0119cznych, ustalenie limitu stawek i strat, ograniczenie czasu sesji, kr\u00f3tkoterminow\u0105 [&hellip;]<\/p>\n","protected":false},"author":1,"featured_media":0,"parent":0,"menu_order":0,"comment_status":"closed","ping_status":"closed","template":"","meta":{"_acf_changed":false,"footnotes":""},"class_list":["post-2579","page","type-page","status-publish","hentry"],"acf":[],"yoast_head":"<!-- This site is optimized with the Yoast SEO plugin v27.1.1 - https:\/\/yoast.com\/product\/yoast-seo-wordpress\/ -->\n<title>Responsible Gaming | Vavada \u2013 Play Responsibly and Safely<\/title>\n<meta name=\"description\" content=\"At Vavada, we prioritize responsible gaming. Check out the tools we provide to help manage your gaming time and spending, ensuring a safe and enjoyable experience\" \/>\n<meta name=\"robots\" content=\"index, follow, max-snippet:-1, max-image-preview:large, max-video-preview:-1\" \/>\n<link rel=\"canonical\" href=\"https:\/\/bk-site-amp102.top\/odpowiedzialna-gra\/\" \/>\n<meta property=\"og:locale\" content=\"ru_RU\" \/>\n<meta property=\"og:type\" content=\"article\" \/>\n<meta property=\"og:title\" content=\"Responsible Gaming | Vavada \u2013 Play Responsibly and Safely\" \/>\n<meta property=\"og:description\" content=\"At Vavada, we prioritize responsible gaming. Check out the tools we provide to help manage your gaming time and spending, ensuring a safe and enjoyable experience\" \/>\n<meta property=\"og:url\" content=\"https:\/\/bk-site-amp102.top\/odpowiedzialna-gra\/\" \/>\n<meta property=\"og:site_name\" content=\"bk-site-amp102.top\" \/>\n<meta property=\"article:modified_time\" content=\"2025-12-05T11:34:12+00:00\" \/>\n<meta name=\"twitter:card\" content=\"summary_large_image\" \/>\n<meta name=\"twitter:label1\" content=\"\u041f\u0440\u0438\u043c\u0435\u0440\u043d\u043e\u0435 \u0432\u0440\u0435\u043c\u044f \u0434\u043b\u044f \u0447\u0442\u0435\u043d\u0438\u044f\" \/>\n\t<meta name=\"twitter:data1\" content=\"1 \u043c\u0438\u043d\u0443\u0442\u0430\" \/>\n<script type=\"application\/ld+json\" class=\"yoast-schema-graph\">{\"@context\":\"https:\/\/schema.org\",\"@graph\":[{\"@type\":\"WebPage\",\"@id\":\"https:\/\/bk-site-amp102.top\/odpowiedzialna-gra\/\",\"url\":\"https:\/\/bk-site-amp102.top\/odpowiedzialna-gra\/\",\"name\":\"Responsible Gaming | Vavada \u2013 Play Responsibly and Safely\",\"isPartOf\":{\"@id\":\"https:\/\/bk-site-amp102.top\/#website\"},\"datePublished\":\"2025-12-04T09:43:22+00:00\",\"dateModified\":\"2025-12-05T11:34:12+00:00\",\"description\":\"At Vavada, we prioritize responsible gaming. Check out the tools we provide to help manage your gaming time and spending, ensuring a safe and enjoyable experience\",\"breadcrumb\":{\"@id\":\"https:\/\/bk-site-amp102.top\/odpowiedzialna-gra\/#breadcrumb\"},\"inLanguage\":\"ru-RU\",\"potentialAction\":[{\"@type\":\"ReadAction\",\"target\":[\"https:\/\/bk-site-amp102.top\/odpowiedzialna-gra\/\"]}]},{\"@type\":\"BreadcrumbList\",\"@id\":\"https:\/\/bk-site-amp102.top\/odpowiedzialna-gra\/#breadcrumb\",\"itemListElement\":[{\"@type\":\"ListItem\",\"position\":1,\"name\":\"\u0413\u043b\u0430\u0432\u043d\u0430\u044f \u0441\u0442\u0440\u0430\u043d\u0438\u0446\u0430\",\"item\":\"https:\/\/bk-site-amp102.top\/\"},{\"@type\":\"ListItem\",\"position\":2,\"name\":\"Odpowiedzialna gra\"}]},{\"@type\":\"WebSite\",\"@id\":\"https:\/\/bk-site-amp102.top\/#website\",\"url\":\"https:\/\/bk-site-amp102.top\/\",\"name\":\"bk-site-amp102.top\",\"description\":\"\",\"potentialAction\":[{\"@type\":\"SearchAction\",\"target\":{\"@type\":\"EntryPoint\",\"urlTemplate\":\"https:\/\/bk-site-amp102.top\/?s={search_term_string}\"},\"query-input\":{\"@type\":\"PropertyValueSpecification\",\"valueRequired\":true,\"valueName\":\"search_term_string\"}}],\"inLanguage\":\"ru-RU\"}]}<\/script>\n<!-- \/ Yoast SEO plugin. -->","yoast_head_json":{"title":"Responsible Gaming | Vavada \u2013 Play Responsibly and Safely","description":"At Vavada, we prioritize responsible gaming. Check out the tools we provide to help manage your gaming time and spending, ensuring a safe and enjoyable experience","robots":{"index":"index","follow":"follow","max-snippet":"max-snippet:-1","max-image-preview":"max-image-preview:large","max-video-preview":"max-video-preview:-1"},"canonical":"https:\/\/bk-site-amp102.top\/odpowiedzialna-gra\/","og_locale":"ru_RU","og_type":"article","og_title":"Responsible Gaming | Vavada \u2013 Play Responsibly and Safely","og_description":"At Vavada, we prioritize responsible gaming. Check out the tools we provide to help manage your gaming time and spending, ensuring a safe and enjoyable experience","og_url":"https:\/\/bk-site-amp102.top\/odpowiedzialna-gra\/","og_site_name":"bk-site-amp102.top","article_modified_time":"2025-12-05T11:34:12+00:00","twitter_card":"summary_large_image","twitter_misc":{"\u041f\u0440\u0438\u043c\u0435\u0440\u043d\u043e\u0435 \u0432\u0440\u0435\u043c\u044f \u0434\u043b\u044f \u0447\u0442\u0435\u043d\u0438\u044f":"1 \u043c\u0438\u043d\u0443\u0442\u0430"},"schema":{"@context":"https:\/\/schema.org","@graph":[{"@type":"WebPage","@id":"https:\/\/bk-site-amp102.top\/odpowiedzialna-gra\/","url":"https:\/\/bk-site-amp102.top\/odpowiedzialna-gra\/","name":"Responsible Gaming | Vavada \u2013 Play Responsibly and Safely","isPartOf":{"@id":"https:\/\/bk-site-amp102.top\/#website"},"datePublished":"2025-12-04T09:43:22+00:00","dateModified":"2025-12-05T11:34:12+00:00","description":"At Vavada, we prioritize responsible gaming. Check out the tools we provide to help manage your gaming time and spending, ensuring a safe and enjoyable experience","breadcrumb":{"@id":"https:\/\/bk-site-amp102.top\/odpowiedzialna-gra\/#breadcrumb"},"inLanguage":"ru-RU","potentialAction":[{"@type":"ReadAction","target":["https:\/\/bk-site-amp102.top\/odpowiedzialna-gra\/"]}]},{"@type":"BreadcrumbList","@id":"https:\/\/bk-site-amp102.top\/odpowiedzialna-gra\/#breadcrumb","itemListElement":[{"@type":"ListItem","position":1,"name":"\u0413\u043b\u0430\u0432\u043d\u0430\u044f \u0441\u0442\u0440\u0430\u043d\u0438\u0446\u0430","item":"https:\/\/bk-site-amp102.top\/"},{"@type":"ListItem","position":2,"name":"Odpowiedzialna gra"}]},{"@type":"WebSite","@id":"https:\/\/bk-site-amp102.top\/#website","url":"https:\/\/bk-site-amp102.top\/","name":"bk-site-amp102.top","description":"","potentialAction":[{"@type":"SearchAction","target":{"@type":"EntryPoint","urlTemplate":"https:\/\/bk-site-amp102.top\/?s={search_term_string}"},"query-input":{"@type":"PropertyValueSpecification","valueRequired":true,"valueName":"search_term_string"}}],"inLanguage":"ru-RU"}]}},"amp_enabled":true,"_links":{"self":[{"href":"https:\/\/bk-site-amp102.top\/wp-json\/wp\/v2\/pages\/2579","targetHints":{"allow":["GET"]}}],"collection":[{"href":"https:\/\/bk-site-amp102.top\/wp-json\/wp\/v2\/pages"}],"about":[{"href":"https:\/\/bk-site-amp102.top\/wp-json\/wp\/v2\/types\/page"}],"author":[{"embeddable":true,"href":"https:\/\/bk-site-amp102.top\/wp-json\/wp\/v2\/users\/1"}],"replies":[{"embeddable":true,"href":"https:\/\/bk-site-amp102.top\/wp-json\/wp\/v2\/comments?post=2579"}],"version-history":[{"count":2,"href":"https:\/\/bk-site-amp102.top\/wp-json\/wp\/v2\/pages\/2579\/revisions"}],"predecessor-version":[{"id":2590,"href":"https:\/\/bk-site-amp102.top\/wp-json\/wp\/v2\/pages\/2579\/revisions\/2590"}],"wp:attachment":[{"href":"https:\/\/bk-site-amp102.top\/wp-json\/wp\/v2\/media?parent=2579"}],"curies":[{"name":"wp","href":"https:\/\/api.w.org\/{rel}","templated":true}]}}