{"id":2583,"date":"2025-12-04T11:45:33","date_gmt":"2025-12-04T09:45:33","guid":{"rendered":"https:\/\/bk-site-amp102.top\/?page_id=2583"},"modified":"2025-12-05T13:34:49","modified_gmt":"2025-12-05T11:34:49","slug":"regulamin","status":"publish","type":"page","link":"https:\/\/bk-site-amp102.top\/regulamin\/","title":{"rendered":"Regulamin"},"content":{"rendered":"<h1>Regulamin<\/h1>\n<p>Regulamin Vavada okre\u015bla zasady korzystania z serwisu oraz obowi\u0105zki i prawa u\u017cytkownik\u00f3w. Rejestracja i korzystanie z us\u0142ug Vavada oznacza akceptacj\u0119 poni\u017cszych warunk\u00f3w.<\/p>\n<h2>Konto u\u017cytkownika:<\/h2>\n<ul>\n<li>Serwis jest dost\u0119pny wy\u0142\u0105cznie dla os\u00f3b powy\u017cej 18. roku \u017cycia,<\/li>\n<li>Wymagana jest prawdziwa rejestracja z pe\u0142nymi danami osobowymi,<\/li>\n<li>Jeden u\u017cytkownik mo\u017ce posiada\u0107 tylko jedno konto na osob\u0119.<\/li>\n<\/ul>\n<h2>Weryfikacja to\u017csamo\u015bci:<\/h2>\n<p>W celu zapewnienia bezpiecze\u0144stwa oraz zgodno\u015bci z przepisami, u\u017cytkownicy musz\u0105 przej\u015b\u0107 proces weryfikacji KYC (Know Your Customer). Brak weryfikacji skutkuje ograniczeniem dost\u0119pu do konta.<\/p>\n<h2>P\u0142atno\u015bci:<\/h2>\n<ul>\n<li>Vavada oferuje r\u00f3\u017cne metody p\u0142atno\u015bci, kt\u00f3re s\u0105 dost\u0119pne w panelu u\u017cytkownika,<\/li>\n<li>Wszystkie p\u0142atno\u015bci podlegaj\u0105 weryfikacji zgodnie z procedurami bezpiecze\u0144stwa i AML,<\/li>\n<li>Wyp\u0142aty s\u0105 mo\u017cliwe po przej\u015bciu pomy\u015blnej weryfikacji to\u017csamo\u015bci.<\/li>\n<\/ul>\n<h2>Zasady gry:<\/h2>\n<ul>\n<li>Gry dost\u0119pne na Vavada oferuj\u0105 losowe wyniki i s\u0105 obs\u0142ugiwane przez licencjonowanych dostawc\u00f3w,<\/li>\n<li>Zabronione jest u\u017cywanie nieautoryzowanych narz\u0119dzi do manipulacji wynikami.<\/li>\n<\/ul>\n<h2>Odpowiedzialno\u015b\u0107:<\/h2>\n<ul>\n<li>Vavada nie ponosi odpowiedzialno\u015bci za przerwy w dzia\u0142aniu serwisu,<\/li>\n<li>Serwis nie odpowiada za jakiekolwiek straty wynik\u0142e z niestabilnych po\u0142\u0105cze\u0144 internetowych.<\/li>\n<\/ul>\n<h2>Zmiany regulaminu:<\/h2>\n<p>Zastrzegamy sobie prawo do zmiany regulaminu w dowolnym momencie. Nowe warunki obowi\u0105zuj\u0105 od momentu publikacji na stronie.<\/p>\n","protected":false},"excerpt":{"rendered":"<p>Regulamin Regulamin Vavada okre\u015bla zasady korzystania z serwisu oraz obowi\u0105zki i prawa u\u017cytkownik\u00f3w. Rejestracja i korzystanie z us\u0142ug Vavada oznacza akceptacj\u0119 poni\u017cszych warunk\u00f3w. Konto u\u017cytkownika: Serwis jest dost\u0119pny wy\u0142\u0105cznie dla os\u00f3b powy\u017cej 18. roku \u017cycia, Wymagana jest prawdziwa rejestracja z pe\u0142nymi danami osobowymi, Jeden u\u017cytkownik mo\u017ce posiada\u0107 tylko jedno konto na osob\u0119. Weryfikacja to\u017csamo\u015bci: W [&hellip;]<\/p>\n","protected":false},"author":1,"featured_media":0,"parent":0,"menu_order":0,"comment_status":"closed","ping_status":"closed","template":"","meta":{"_acf_changed":false,"footnotes":""},"class_list":["post-2583","page","type-page","status-publish","hentry"],"acf":[],"yoast_head":"<!-- This site is optimized with the Yoast SEO plugin v27.1.1 - https:\/\/yoast.com\/product\/yoast-seo-wordpress\/ -->\n<title>Terms and Conditions | Vavada \u2013 Your Guide to Using Our Service<\/title>\n<meta name=\"description\" content=\"Read Vavada\u2019s Terms and Conditions. Understand the rules for using our services, including account registration, payments, promotions, and responsible gaming guidelines\" \/>\n<meta name=\"robots\" content=\"index, follow, max-snippet:-1, max-image-preview:large, max-video-preview:-1\" \/>\n<link rel=\"canonical\" href=\"https:\/\/bk-site-amp102.top\/regulamin\/\" \/>\n<meta property=\"og:locale\" content=\"ru_RU\" \/>\n<meta property=\"og:type\" content=\"article\" \/>\n<meta property=\"og:title\" content=\"Terms and Conditions | Vavada \u2013 Your Guide to Using Our Service\" \/>\n<meta property=\"og:description\" content=\"Read Vavada\u2019s Terms and Conditions. Understand the rules for using our services, including account registration, payments, promotions, and responsible gaming guidelines\" \/>\n<meta property=\"og:url\" content=\"https:\/\/bk-site-amp102.top\/regulamin\/\" \/>\n<meta property=\"og:site_name\" content=\"bk-site-amp102.top\" \/>\n<meta property=\"article:modified_time\" content=\"2025-12-05T11:34:49+00:00\" \/>\n<meta name=\"twitter:card\" content=\"summary_large_image\" \/>\n<meta name=\"twitter:label1\" content=\"\u041f\u0440\u0438\u043c\u0435\u0440\u043d\u043e\u0435 \u0432\u0440\u0435\u043c\u044f \u0434\u043b\u044f \u0447\u0442\u0435\u043d\u0438\u044f\" \/>\n\t<meta name=\"twitter:data1\" content=\"1 \u043c\u0438\u043d\u0443\u0442\u0430\" \/>\n<script type=\"application\/ld+json\" class=\"yoast-schema-graph\">{\"@context\":\"https:\/\/schema.org\",\"@graph\":[{\"@type\":\"WebPage\",\"@id\":\"https:\/\/bk-site-amp102.top\/regulamin\/\",\"url\":\"https:\/\/bk-site-amp102.top\/regulamin\/\",\"name\":\"Terms and Conditions | Vavada \u2013 Your Guide to Using Our Service\",\"isPartOf\":{\"@id\":\"https:\/\/bk-site-amp102.top\/#website\"},\"datePublished\":\"2025-12-04T09:45:33+00:00\",\"dateModified\":\"2025-12-05T11:34:49+00:00\",\"description\":\"Read Vavada\u2019s Terms and Conditions. Understand the rules for using our services, including account registration, payments, promotions, and responsible gaming guidelines\",\"breadcrumb\":{\"@id\":\"https:\/\/bk-site-amp102.top\/regulamin\/#breadcrumb\"},\"inLanguage\":\"ru-RU\",\"potentialAction\":[{\"@type\":\"ReadAction\",\"target\":[\"https:\/\/bk-site-amp102.top\/regulamin\/\"]}]},{\"@type\":\"BreadcrumbList\",\"@id\":\"https:\/\/bk-site-amp102.top\/regulamin\/#breadcrumb\",\"itemListElement\":[{\"@type\":\"ListItem\",\"position\":1,\"name\":\"\u0413\u043b\u0430\u0432\u043d\u0430\u044f \u0441\u0442\u0440\u0430\u043d\u0438\u0446\u0430\",\"item\":\"https:\/\/bk-site-amp102.top\/\"},{\"@type\":\"ListItem\",\"position\":2,\"name\":\"Regulamin\"}]},{\"@type\":\"WebSite\",\"@id\":\"https:\/\/bk-site-amp102.top\/#website\",\"url\":\"https:\/\/bk-site-amp102.top\/\",\"name\":\"bk-site-amp102.top\",\"description\":\"\",\"potentialAction\":[{\"@type\":\"SearchAction\",\"target\":{\"@type\":\"EntryPoint\",\"urlTemplate\":\"https:\/\/bk-site-amp102.top\/?s={search_term_string}\"},\"query-input\":{\"@type\":\"PropertyValueSpecification\",\"valueRequired\":true,\"valueName\":\"search_term_string\"}}],\"inLanguage\":\"ru-RU\"}]}<\/script>\n<!-- \/ Yoast SEO plugin. -->","yoast_head_json":{"title":"Terms and Conditions | Vavada \u2013 Your Guide to Using Our Service","description":"Read Vavada\u2019s Terms and Conditions. Understand the rules for using our services, including account registration, payments, promotions, and responsible gaming guidelines","robots":{"index":"index","follow":"follow","max-snippet":"max-snippet:-1","max-image-preview":"max-image-preview:large","max-video-preview":"max-video-preview:-1"},"canonical":"https:\/\/bk-site-amp102.top\/regulamin\/","og_locale":"ru_RU","og_type":"article","og_title":"Terms and Conditions | Vavada \u2013 Your Guide to Using Our Service","og_description":"Read Vavada\u2019s Terms and Conditions. Understand the rules for using our services, including account registration, payments, promotions, and responsible gaming guidelines","og_url":"https:\/\/bk-site-amp102.top\/regulamin\/","og_site_name":"bk-site-amp102.top","article_modified_time":"2025-12-05T11:34:49+00:00","twitter_card":"summary_large_image","twitter_misc":{"\u041f\u0440\u0438\u043c\u0435\u0440\u043d\u043e\u0435 \u0432\u0440\u0435\u043c\u044f \u0434\u043b\u044f \u0447\u0442\u0435\u043d\u0438\u044f":"1 \u043c\u0438\u043d\u0443\u0442\u0430"},"schema":{"@context":"https:\/\/schema.org","@graph":[{"@type":"WebPage","@id":"https:\/\/bk-site-amp102.top\/regulamin\/","url":"https:\/\/bk-site-amp102.top\/regulamin\/","name":"Terms and Conditions | Vavada \u2013 Your Guide to Using Our Service","isPartOf":{"@id":"https:\/\/bk-site-amp102.top\/#website"},"datePublished":"2025-12-04T09:45:33+00:00","dateModified":"2025-12-05T11:34:49+00:00","description":"Read Vavada\u2019s Terms and Conditions. Understand the rules for using our services, including account registration, payments, promotions, and responsible gaming guidelines","breadcrumb":{"@id":"https:\/\/bk-site-amp102.top\/regulamin\/#breadcrumb"},"inLanguage":"ru-RU","potentialAction":[{"@type":"ReadAction","target":["https:\/\/bk-site-amp102.top\/regulamin\/"]}]},{"@type":"BreadcrumbList","@id":"https:\/\/bk-site-amp102.top\/regulamin\/#breadcrumb","itemListElement":[{"@type":"ListItem","position":1,"name":"\u0413\u043b\u0430\u0432\u043d\u0430\u044f \u0441\u0442\u0440\u0430\u043d\u0438\u0446\u0430","item":"https:\/\/bk-site-amp102.top\/"},{"@type":"ListItem","position":2,"name":"Regulamin"}]},{"@type":"WebSite","@id":"https:\/\/bk-site-amp102.top\/#website","url":"https:\/\/bk-site-amp102.top\/","name":"bk-site-amp102.top","description":"","potentialAction":[{"@type":"SearchAction","target":{"@type":"EntryPoint","urlTemplate":"https:\/\/bk-site-amp102.top\/?s={search_term_string}"},"query-input":{"@type":"PropertyValueSpecification","valueRequired":true,"valueName":"search_term_string"}}],"inLanguage":"ru-RU"}]}},"amp_enabled":true,"_links":{"self":[{"href":"https:\/\/bk-site-amp102.top\/wp-json\/wp\/v2\/pages\/2583","targetHints":{"allow":["GET"]}}],"collection":[{"href":"https:\/\/bk-site-amp102.top\/wp-json\/wp\/v2\/pages"}],"about":[{"href":"https:\/\/bk-site-amp102.top\/wp-json\/wp\/v2\/types\/page"}],"author":[{"embeddable":true,"href":"https:\/\/bk-site-amp102.top\/wp-json\/wp\/v2\/users\/1"}],"replies":[{"embeddable":true,"href":"https:\/\/bk-site-amp102.top\/wp-json\/wp\/v2\/comments?post=2583"}],"version-history":[{"count":2,"href":"https:\/\/bk-site-amp102.top\/wp-json\/wp\/v2\/pages\/2583\/revisions"}],"predecessor-version":[{"id":2591,"href":"https:\/\/bk-site-amp102.top\/wp-json\/wp\/v2\/pages\/2583\/revisions\/2591"}],"wp:attachment":[{"href":"https:\/\/bk-site-amp102.top\/wp-json\/wp\/v2\/media?parent=2583"}],"curies":[{"name":"wp","href":"https:\/\/api.w.org\/{rel}","templated":true}]}}